{"id":5494,"date":"2016-06-03T14:04:51","date_gmt":"2016-06-03T14:04:51","guid":{"rendered":"https:\/\/www.easybuilding.net\/coming-soon\/"},"modified":"2016-06-03T14:04:51","modified_gmt":"2016-06-03T14:04:51","slug":"coming-soon","status":"publish","type":"page","link":"https:\/\/www.easybuilding.net\/en\/coming-soon\/","title":{"rendered":"Coming Soon"},"content":{"rendered":"<div class=\"wpb-content-wrapper\"><p>[vc_row full_width=&#8221;stretch_row&#8221; full_height=&#8221;yes&#8221; columns_placement=&#8221;stretch&#8221; content_placement=&#8221;bottom&#8221; css=&#8221;.vc_custom_1464965092387{padding-top: 160px !important;background-image: url(https:\/\/www.easybuilding.net\/wp-content\/uploads\/2016\/06\/import_placeholder.png?id=2648) !important;background-position: center !important;background-repeat: no-repeat !important;background-size: cover !important;}&#8221;][vc_column][vc_single_image image=&#8221;494&#8243; img_size=&#8221;full&#8221; alignment=&#8221;center&#8221;][vc_empty_space height=&#8221;60px&#8221;][vc_custom_heading text=&#8221;MAINTENANCE MODE&#8221; font_container=&#8221;tag:h2|font_size:60px|text_align:center|color:%23fbbe3f&#8221; use_theme_fonts=&#8221;yes&#8221;][vc_custom_heading text=&#8221;Sorry for the inconvenience!&#8221; font_container=&#8221;tag:h2|font_size:40px|text_align:center|color:%23ffffff&#8221; use_theme_fonts=&#8221;yes&#8221;][vc_column_text css=&#8221;.vc_custom_1464965111229{padding-top: 30px !important;}&#8221;]<\/p>\n<p style=\"text-align: center;\"><span style=\"color: #999999;\">Our site is down for maintenance and will be back soon. Sorry for the inconvenience.<\/span><\/p>\n<p style=\"text-align: center;\"><span style=\"color: #999999;\">Yo can contact with us via email or call us! Thanks!<\/span><\/p>\n<p>[\/vc_column_text][\/vc_column][\/vc_row]<\/p>\n<\/div>","protected":false},"excerpt":{"rendered":"<p>[vc_row full_width=&#8221;stretch_row&#8221; full_height=&#8221;yes&#8221; columns_placement=&#8221;stretch&#8221; content_placement=&#8221;bottom&#8221; css=&#8221;.vc_custom_1464965092387{padding-top: 160px !important;background-image: url(https:\/\/www.easybuilding.net\/wp-content\/uploads\/2016\/06\/import_placeholder.png?id=2648) !important;background-position: center !important;background-repeat: no-repeat !important;background-size: cover !important;}&#8221;][vc_column][vc_single_image image=&#8221;494&#8243; img_size=&#8221;full&#8221; alignment=&#8221;center&#8221;][vc_empty_space height=&#8221;60px&#8221;][vc_custom_heading text=&#8221;MAINTENANCE MODE&#8221; font_container=&#8221;tag:h2|font_size:60px|text_align:center|color:%23fbbe3f&#8221; use_theme_fonts=&#8221;yes&#8221;][vc_custom_heading text=&#8221;Sorry for the inconvenience!&#8221; font_container=&#8221;tag:h2|font_size:40px|text_align:center|color:%23ffffff&#8221; use_theme_fonts=&#8221;yes&#8221;][vc_column_text&#8230;<\/p>\n","protected":false},"author":1,"featured_media":0,"parent":0,"menu_order":0,"comment_status":"closed","ping_status":"closed","template":"coming-soon-page.php","meta":{"footnotes":""},"class_list":["post-5494","page","type-page","status-publish","hentry"],"yoast_head":"<!-- This site is optimized with the Yoast SEO Premium plugin v24.8 (Yoast SEO v24.8) - https:\/\/yoast.com\/wordpress\/plugins\/seo\/ -->\n<title>Coming Soon - Monta\u017ene i mobilne ku\u0107e Easy Building<\/title>\n<meta name=\"robots\" content=\"index, follow, max-snippet:-1, max-image-preview:large, max-video-preview:-1\" \/>\n<link rel=\"canonical\" href=\"https:\/\/www.easybuilding.net\/en\/coming-soon\/\" \/>\n<meta property=\"og:locale\" content=\"en_US\" \/>\n<meta property=\"og:type\" content=\"article\" \/>\n<meta property=\"og:title\" content=\"Coming Soon\" \/>\n<meta property=\"og:description\" content=\"[vc_row full_width=&#8221;stretch_row&#8221; full_height=&#8221;yes&#8221; columns_placement=&#8221;stretch&#8221; content_placement=&#8221;bottom&#8221; css=&#8221;.vc_custom_1464965092387{padding-top: 160px !important;background-image: url(https:\/\/www.easybuilding.net\/wp-content\/uploads\/2016\/06\/import_placeholder.png?id=2648) !important;background-position: center !important;background-repeat: no-repeat !important;background-size: cover !important;}&#8221;][vc_column][vc_single_image image=&#8221;494&#8243; img_size=&#8221;full&#8221; alignment=&#8221;center&#8221;][vc_empty_space height=&#8221;60px&#8221;][vc_custom_heading text=&#8221;MAINTENANCE MODE&#8221; font_container=&#8221;tag:h2|font_size:60px|text_align:center|color:%23fbbe3f&#8221; use_theme_fonts=&#8221;yes&#8221;][vc_custom_heading text=&#8221;Sorry for the inconvenience!&#8221; font_container=&#8221;tag:h2|font_size:40px|text_align:center|color:%23ffffff&#8221; use_theme_fonts=&#8221;yes&#8221;][vc_column_text...\" \/>\n<meta property=\"og:url\" content=\"https:\/\/www.easybuilding.net\/en\/coming-soon\/\" \/>\n<meta property=\"og:site_name\" content=\"Monta\u017ene i mobilne ku\u0107e Easy Building\" \/>\n<meta property=\"article:publisher\" content=\"https:\/\/www.facebook.com\/profile.php?id=61555749279990\" \/>\n<meta property=\"og:image\" content=\"https:\/\/www.easybuilding.net\/wp-content\/uploads\/2026\/02\/montazna-kuca-pancevo-02.jpg\" \/>\n\t<meta property=\"og:image:width\" content=\"1200\" \/>\n\t<meta property=\"og:image:height\" content=\"675\" \/>\n\t<meta property=\"og:image:type\" content=\"image\/jpeg\" \/>\n<meta name=\"twitter:card\" content=\"summary_large_image\" \/>\n<meta name=\"twitter:label1\" content=\"Est. reading time\" \/>\n\t<meta name=\"twitter:data1\" content=\"1 minute\" \/>\n<script type=\"application\/ld+json\" class=\"yoast-schema-graph\">{\"@context\":\"https:\/\/schema.org\",\"@graph\":[{\"@type\":\"WebPage\",\"@id\":\"https:\/\/www.easybuilding.net\/en\/coming-soon\/\",\"url\":\"https:\/\/www.easybuilding.net\/en\/coming-soon\/\",\"name\":\"Coming Soon - Monta\u017ene i mobilne ku\u0107e Easy Building\",\"isPartOf\":{\"@id\":\"https:\/\/www.easybuilding.net\/en\/#website\"},\"datePublished\":\"2016-06-03T14:04:51+00:00\",\"breadcrumb\":{\"@id\":\"https:\/\/www.easybuilding.net\/en\/coming-soon\/#breadcrumb\"},\"inLanguage\":\"en-US\",\"potentialAction\":[{\"@type\":\"ReadAction\",\"target\":[\"https:\/\/www.easybuilding.net\/en\/coming-soon\/\"]}]},{\"@type\":\"BreadcrumbList\",\"@id\":\"https:\/\/www.easybuilding.net\/en\/coming-soon\/#breadcrumb\",\"itemListElement\":[{\"@type\":\"ListItem\",\"position\":1,\"name\":\"Po\u010detna\",\"item\":\"https:\/\/www.easybuilding.net\/en\/\"},{\"@type\":\"ListItem\",\"position\":2,\"name\":\"Coming Soon\"}]},{\"@type\":\"WebSite\",\"@id\":\"https:\/\/www.easybuilding.net\/en\/#website\",\"url\":\"https:\/\/www.easybuilding.net\/en\/\",\"name\":\"Monta\u017ene i mobilne ku\u0107e Easy Building\",\"description\":\"\",\"publisher\":{\"@id\":\"https:\/\/www.easybuilding.net\/en\/#organization\"},\"potentialAction\":[{\"@type\":\"SearchAction\",\"target\":{\"@type\":\"EntryPoint\",\"urlTemplate\":\"https:\/\/www.easybuilding.net\/en\/?s={search_term_string}\"},\"query-input\":{\"@type\":\"PropertyValueSpecification\",\"valueRequired\":true,\"valueName\":\"search_term_string\"}}],\"inLanguage\":\"en-US\"},{\"@type\":\"Organization\",\"@id\":\"https:\/\/www.easybuilding.net\/en\/#organization\",\"name\":\"Monta\u017ene i mobilne ku\u0107e Easy Building doo Pan\u010devo\",\"url\":\"https:\/\/www.easybuilding.net\/en\/\",\"logo\":{\"@type\":\"ImageObject\",\"inLanguage\":\"en-US\",\"@id\":\"https:\/\/www.easybuilding.net\/en\/#\/schema\/logo\/image\/\",\"url\":\"https:\/\/www.easybuilding.net\/wp-content\/uploads\/2024\/12\/Easy-Building-logo.png\",\"contentUrl\":\"https:\/\/www.easybuilding.net\/wp-content\/uploads\/2024\/12\/Easy-Building-logo.png\",\"width\":1600,\"height\":1026,\"caption\":\"Monta\u017ene i mobilne ku\u0107e Easy Building doo Pan\u010devo\"},\"image\":{\"@id\":\"https:\/\/www.easybuilding.net\/en\/#\/schema\/logo\/image\/\"},\"sameAs\":[\"https:\/\/www.facebook.com\/profile.php?id=61555749279990\",\"https:\/\/www.tiktok.com\/@easybuilding\",\"https:\/\/www.instagram.com\/easybuildingdoo\/\"]}]}<\/script>\n<!-- \/ Yoast SEO Premium plugin. -->","yoast_head_json":{"title":"Coming Soon - Monta\u017ene i mobilne ku\u0107e Easy Building","robots":{"index":"index","follow":"follow","max-snippet":"max-snippet:-1","max-image-preview":"max-image-preview:large","max-video-preview":"max-video-preview:-1"},"canonical":"https:\/\/www.easybuilding.net\/en\/coming-soon\/","og_locale":"en_US","og_type":"article","og_title":"Coming Soon","og_description":"[vc_row full_width=&#8221;stretch_row&#8221; full_height=&#8221;yes&#8221; columns_placement=&#8221;stretch&#8221; content_placement=&#8221;bottom&#8221; css=&#8221;.vc_custom_1464965092387{padding-top: 160px !important;background-image: url(https:\/\/www.easybuilding.net\/wp-content\/uploads\/2016\/06\/import_placeholder.png?id=2648) !important;background-position: center !important;background-repeat: no-repeat !important;background-size: cover !important;}&#8221;][vc_column][vc_single_image image=&#8221;494&#8243; img_size=&#8221;full&#8221; alignment=&#8221;center&#8221;][vc_empty_space height=&#8221;60px&#8221;][vc_custom_heading text=&#8221;MAINTENANCE MODE&#8221; font_container=&#8221;tag:h2|font_size:60px|text_align:center|color:%23fbbe3f&#8221; use_theme_fonts=&#8221;yes&#8221;][vc_custom_heading text=&#8221;Sorry for the inconvenience!&#8221; font_container=&#8221;tag:h2|font_size:40px|text_align:center|color:%23ffffff&#8221; use_theme_fonts=&#8221;yes&#8221;][vc_column_text...","og_url":"https:\/\/www.easybuilding.net\/en\/coming-soon\/","og_site_name":"Monta\u017ene i mobilne ku\u0107e Easy Building","article_publisher":"https:\/\/www.facebook.com\/profile.php?id=61555749279990","og_image":[{"width":1200,"height":675,"url":"https:\/\/www.easybuilding.net\/wp-content\/uploads\/2026\/02\/montazna-kuca-pancevo-02.jpg","type":"image\/jpeg"}],"twitter_card":"summary_large_image","twitter_misc":{"Est. reading time":"1 minute"},"schema":{"@context":"https:\/\/schema.org","@graph":[{"@type":"WebPage","@id":"https:\/\/www.easybuilding.net\/en\/coming-soon\/","url":"https:\/\/www.easybuilding.net\/en\/coming-soon\/","name":"Coming Soon - Monta\u017ene i mobilne ku\u0107e Easy Building","isPartOf":{"@id":"https:\/\/www.easybuilding.net\/en\/#website"},"datePublished":"2016-06-03T14:04:51+00:00","breadcrumb":{"@id":"https:\/\/www.easybuilding.net\/en\/coming-soon\/#breadcrumb"},"inLanguage":"en-US","potentialAction":[{"@type":"ReadAction","target":["https:\/\/www.easybuilding.net\/en\/coming-soon\/"]}]},{"@type":"BreadcrumbList","@id":"https:\/\/www.easybuilding.net\/en\/coming-soon\/#breadcrumb","itemListElement":[{"@type":"ListItem","position":1,"name":"Po\u010detna","item":"https:\/\/www.easybuilding.net\/en\/"},{"@type":"ListItem","position":2,"name":"Coming Soon"}]},{"@type":"WebSite","@id":"https:\/\/www.easybuilding.net\/en\/#website","url":"https:\/\/www.easybuilding.net\/en\/","name":"Monta\u017ene i mobilne ku\u0107e Easy Building","description":"","publisher":{"@id":"https:\/\/www.easybuilding.net\/en\/#organization"},"potentialAction":[{"@type":"SearchAction","target":{"@type":"EntryPoint","urlTemplate":"https:\/\/www.easybuilding.net\/en\/?s={search_term_string}"},"query-input":{"@type":"PropertyValueSpecification","valueRequired":true,"valueName":"search_term_string"}}],"inLanguage":"en-US"},{"@type":"Organization","@id":"https:\/\/www.easybuilding.net\/en\/#organization","name":"Monta\u017ene i mobilne ku\u0107e Easy Building doo Pan\u010devo","url":"https:\/\/www.easybuilding.net\/en\/","logo":{"@type":"ImageObject","inLanguage":"en-US","@id":"https:\/\/www.easybuilding.net\/en\/#\/schema\/logo\/image\/","url":"https:\/\/www.easybuilding.net\/wp-content\/uploads\/2024\/12\/Easy-Building-logo.png","contentUrl":"https:\/\/www.easybuilding.net\/wp-content\/uploads\/2024\/12\/Easy-Building-logo.png","width":1600,"height":1026,"caption":"Monta\u017ene i mobilne ku\u0107e Easy Building doo Pan\u010devo"},"image":{"@id":"https:\/\/www.easybuilding.net\/en\/#\/schema\/logo\/image\/"},"sameAs":["https:\/\/www.facebook.com\/profile.php?id=61555749279990","https:\/\/www.tiktok.com\/@easybuilding","https:\/\/www.instagram.com\/easybuildingdoo\/"]}]}},"_links":{"self":[{"href":"https:\/\/www.easybuilding.net\/en\/wp-json\/wp\/v2\/pages\/5494","targetHints":{"allow":["GET"]}}],"collection":[{"href":"https:\/\/www.easybuilding.net\/en\/wp-json\/wp\/v2\/pages"}],"about":[{"href":"https:\/\/www.easybuilding.net\/en\/wp-json\/wp\/v2\/types\/page"}],"author":[{"embeddable":true,"href":"https:\/\/www.easybuilding.net\/en\/wp-json\/wp\/v2\/users\/1"}],"replies":[{"embeddable":true,"href":"https:\/\/www.easybuilding.net\/en\/wp-json\/wp\/v2\/comments?post=5494"}],"version-history":[{"count":0,"href":"https:\/\/www.easybuilding.net\/en\/wp-json\/wp\/v2\/pages\/5494\/revisions"}],"wp:attachment":[{"href":"https:\/\/www.easybuilding.net\/en\/wp-json\/wp\/v2\/media?parent=5494"}],"curies":[{"name":"wp","href":"https:\/\/api.w.org\/{rel}","templated":true}]}}