{"id":5497,"date":"2024-12-08T18:47:54","date_gmt":"2024-12-08T17:47:54","guid":{"rendered":"https:\/\/www.easybuilding.net\/zasto-easy-building\/"},"modified":"2025-02-10T01:57:25","modified_gmt":"2025-02-10T00:57:25","slug":"why-easy-building","status":"publish","type":"page","link":"https:\/\/www.easybuilding.net\/en\/why-easy-building\/","title":{"rendered":"Why Easy Building?"},"content":{"rendered":"<div class=\"wpb-content-wrapper\"><p>[vc_row][vc_column]<div class=\"mgt-header-block clearfix text-left text-black wpb_content_element  mgt-header-block-style-1 mgt-header-texttransform-none  vc_custom_1736986124030\"><h3 class=\"mgt-header-block-title\">Easy Building, because...<\/h3><div class=\"mgt-header-line\"><\/div><\/div>[vc_column_text css=&#8221;&#8221;]<\/p>\n<ul>\n<li>Easy Building\u00a0builds smart, comfortable, modern, technically sophisticated, durable, fire and earthquake safe, environmentally responsible wooden prefabricated houses that use energy sparingly in accordance with the latest European and world construction standards.<\/li>\n<li>Easy Building\u00a0consists of a team of architects, civil engineers and qualified workers with knowledgeable in designing and constructing prefabricated houses made of wooden panels, with wide knowledge of its construction, including other construction materials and technologies.<\/li>\n<li>Easy Building\u00a0is a reliable partner in all business segments, respects contractual commitments, insisting on efficacy, responsible and conscientious business relations.<\/li>\n<li>Easy\u00a0Building\u00a0follows developments in the field, innovating and improving the wooden prefab building system and process.<\/li>\n<\/ul>\n<p>[\/vc_column_text][\/vc_column][\/vc_row][vc_row][vc_column width=&#8221;3\/5&#8243; css=&#8221;.vc_custom_1460641256688{margin-right: 0px !important;padding-right: 0px !important;}&#8221;]<style scoped='scoped'>.mgt-promo-block-36261014417.mgt-promo-block .mgt-promo-block-content h2 {font-size: 30px;line-height: normal!important;}<\/style><div class=\"mgt-promo-block black-text text-size-normal no-darken mgt-promo-block-36261014417 wpb_content_element\" data-style=\"background-color: #f5f5f5;width: 100%; height: 400px;\"><div class=\"mgt-promo-block-content\"><div class=\"mgt-promo-block-content-inside vc_custom_1739147391316\"><strong>Easy Building<\/strong> is a company that has been engaged in the production of wooden prefabricated houses for the last 12 years, but has a heritage of over 25 years of experience and practice in design and construction. In that period, we built over 150 prefabricated buildings for family and multi-family housing in different countries and places in Europe, from Scandinavia to Italy. We have built houses on the seacoast and in the Alps, and for each one we have found the best solution appropriate to the context and environment, and in accordance with locally specific norms and standards. They are designed and built to suit different purposes, climates, landscapes, and site micro-qualities, with excellence as a common characteristic.<\/div><\/div><\/div>[\/vc_column][vc_column width=&#8221;2\/5&#8243; css=&#8221;.vc_custom_1460641327282{margin-left: 0px !important;padding-left: 0px !important;}&#8221;]<style scoped='scoped'>.mgt-promo-block-36261014317.mgt-promo-block .mgt-promo-block-content h2 {font-size: 30px;line-height: normal!important;}<\/style><div class=\"mgt-promo-block black-text cover-image text-size-normal no-darken mgt-promo-block-36261014317 wpb_content_element\" data-style=\"background-color: #f5f5f5;background-image: url(https:\/\/www.easybuilding.net\/wp-content\/uploads\/2024\/12\/Easy-Building-proizvodna-hala-01.jpg);background-repeat: no-repeat;width: 100%; height: 400px;\"><div class=\"mgt-promo-block-content\"><div class=\"mgt-promo-block-content-inside\"><\/div><\/div><\/div>[\/vc_column][\/vc_row][vc_row][vc_column][vc_empty_space height=&#8221;30px&#8221;][\/vc_column][\/vc_row][vc_row][vc_column]<div class=\"mgt-header-block clearfix text-left text-black wpb_content_element  mgt-header-block-style-1 mgt-header-texttransform-none  vc_custom_1739148566491\"><h3 class=\"mgt-header-block-title\">We use the highest quality construction materials<\/h3><div class=\"mgt-header-line\"><\/div><\/div>[vc_column_text css=&#8221;&#8221;]The materials from which we make our wooden prefab houses are the highest quality choice for a healthy and comfortable life. All segments of the houses y are produced in a closed space that enables the highest level of quality control, monitoring and organization of the work process.<\/p>\n<p>Such a production process is a key advantage of prefab dry construction in comparison to the classic construction process.[\/vc_column_text][\/vc_column][\/vc_row][vc_row css=&#8221;.vc_custom_1464353556980{margin-bottom: 50px !important;}&#8221;][vc_column]\r\n\t\r\n\t<div class=\"portfolio-list portfolio-columns-3 portfolio-grid-layout-0  portfolio-with-spaces clearfix\" id=\"portfolio-list\">\r\n\r\n\t\t<div class=\"portfolio-item-block portfolio-item-animation-6 mix prefab-homes\" data-item=\"1\" data-name=\"Prefabricated building, Jelica mountain\">\r\n\t<div class=\"portfolio-item-block-inside\">\r\n\t  <a href=\"https:\/\/www.easybuilding.net\/en\/project\/prefabricated-building-jelica-mountain\/\" target=\"_self\" rel=\"\" title=\"Prefabricated building, Jelica mountain\">\r\n\t    <div class=\"portfolio-item-image\" data-style=\"background-image: url(https:\/\/www.easybuilding.net\/wp-content\/uploads\/2024\/12\/02-1024x900.jpg);\"><\/div>\r\n\t    <div class=\"portfolio-item-bg\"><\/div>\r\n\t    <div class=\"info\">\r\n\t      <span class=\"sub-title\">Prefab homes<\/span>\r\n\t      <h4 class=\"title\">Prefabricated building, Jelica mountain<\/h4>\r\n\t      \t      <div class=\"project-description\">Mountain Jelica, \u010ca\u010dak, Serbia<\/div>\r\n\t  \t  \t      \t    <\/div>\r\n\t  <\/a>\r\n\t<\/div>\r\n\t<\/div>\r\n\t\t<div class=\"portfolio-item-block portfolio-item-animation-6 mix prefab-homes\" data-item=\"2\" data-name=\"Prefabricated house Geneva 7\">\r\n\t<div class=\"portfolio-item-block-inside\">\r\n\t  <a href=\"https:\/\/www.easybuilding.net\/en\/project\/prefabricated-house-geneva-7\/\" target=\"_self\" rel=\"\" title=\"Prefabricated house Geneva 7\">\r\n\t    <div class=\"portfolio-item-image\" data-style=\"background-image: url(https:\/\/www.easybuilding.net\/wp-content\/uploads\/2024\/12\/geneva-06-1024x1024.jpg);\"><\/div>\r\n\t    <div class=\"portfolio-item-bg\"><\/div>\r\n\t    <div class=\"info\">\r\n\t      <span class=\"sub-title\">Prefab homes<\/span>\r\n\t      <h4 class=\"title\">Prefabricated house Geneva 7<\/h4>\r\n\t      \t      <div class=\"project-description\">Geneva, Switzerland<\/div>\r\n\t  \t  \t      \t    <\/div>\r\n\t  <\/a>\r\n\t<\/div>\r\n\t<\/div>\r\n\t\t<div class=\"portfolio-item-block portfolio-item-animation-6 mix prefab-homes\" data-item=\"3\" data-name=\"Prefabricated House Stockholm\">\r\n\t<div class=\"portfolio-item-block-inside\">\r\n\t  <a href=\"https:\/\/www.easybuilding.net\/en\/project\/prefabricated-house-stockholm\/\" target=\"_self\" rel=\"\" title=\"Prefabricated House Stockholm\">\r\n\t    <div class=\"portfolio-item-image\" data-style=\"background-image: url(https:\/\/www.easybuilding.net\/wp-content\/uploads\/2024\/12\/Stockholm-01-1024x913.jpg);\"><\/div>\r\n\t    <div class=\"portfolio-item-bg\"><\/div>\r\n\t    <div class=\"info\">\r\n\t      <span class=\"sub-title\">Prefab homes<\/span>\r\n\t      <h4 class=\"title\">Prefabricated House Stockholm<\/h4>\r\n\t      \t      <div class=\"project-description\">Stockholm, Sweden<\/div>\r\n\t  \t  \t      \t    <\/div>\r\n\t  <\/a>\r\n\t<\/div>\r\n\t<\/div>\r\n\t\t         \r\n\t\r\n\t<\/div>\r\n\r\n\r\n<script>(function($){\r\n\t    $(document).ready(function() {\r\n\r\n\t\t    $(\"#portfolio-list\").mixItUp({effects:[\"fade\",\"scale\"],easing:\"snap\"});\r\n\r\n\t    });})(jQuery);<\/script>[\/vc_column][\/vc_row][vc_row][vc_column width=&#8221;1\/2&#8243;]<div class=\"mgt-header-block clearfix text-left text-black wpb_content_element  mgt-header-block-style-1 mgt-header-texttransform-none  vc_custom_1739148702727\"><h3 class=\"mgt-header-block-title\">Energy efficient houses and facilities<\/h3><div class=\"mgt-header-line\"><\/div><\/div>[vc_column_text css=&#8221;&#8221;]Saving energy is a key development issue at the global level. Savings in heating and cooling of buildings can achieve significant changes in operating costs, especially in relation to the \u2018lifetime of a house\u2019.<\/p>\n<p>Compared to a classic brick house, a wooden prefab house built by using our system saves 40% of the building budget in a 60-year period. The concept of investment due to the quality of the house and its thermal protection, for the sake of a healthy living space and permanent later savings, is the planning basis on which developed societies such as Western European insist.[\/vc_column_text][\/vc_column][vc_column width=&#8221;1\/2&#8243;]<style scoped='scoped'>.mgt-promo-block-73292048663.mgt-promo-block.animated:hover .mgt-promo-block-content {background-color: rgba(0,0,0,0.5)!important;}<\/style><div class=\"mgt-promo-block animated white-text text-size-normal no-darken mgt-promo-block-73292048663 wpb_content_element wpb_animate_when_almost_visible wpb_right-to-left\" data-style=\"background-color: #2a2f35;width: 100%; height: 250px;\"><div class=\"mgt-promo-block-content va-top\"><div class=\"mgt-promo-block-content-inside vc_custom_1739148813084\">\n<h4 style=\"text-align: left\">A team of professionals works for you<\/h4>\nOur team of architects and engineers creates architectural and technical solutions suitable for every new task and opportunity in order to achieve the best solutions for life and work.\nWe use natural materials that enable the establishment of a healthy microclimate and ensure low energy consumption and, without exception, have a positive impact on people.<\/div><\/div><\/div>[\/vc_column][\/vc_row][vc_row][vc_column][vc_separator][\/vc_column][\/vc_row][vc_row][vc_column width=&#8221;1\/2&#8243;]<div class=\"mgt-header-block clearfix text-left text-black wpb_content_element  mgt-header-block-style-1 mgt-header-texttransform-none  vc_custom_1739149044706\"><h3 class=\"mgt-header-block-title\">Long life of houses<\/h3><div class=\"mgt-header-line\"><\/div><\/div>[vc_column_text css=&#8221;&#8221;]Wooden prefabricated houses, due to the \u2018dry\u2019 construction technology, enable a healthy, comfortable space without microorganisms, mold and mildew. A properly and well-constructed house has no duration limit. Maintaining such an house and taking care of its good condition ensures its unlimited duration, as for any facility.[\/vc_column_text][\/vc_column][vc_column width=&#8221;1\/2&#8243;]<style scoped='scoped'>.mgt-promo-block-79292048663.mgt-promo-block.darken .mgt-promo-block-content {background-color: #fbbe3f!important;}.mgt-promo-block-79292048663.mgt-promo-block.animated:hover .mgt-promo-block-content {background-color: rgba(255,255,255,0.73)!important;}<\/style><div class=\"mgt-promo-block animated black-text cover-image text-size-normal darken mgt-promo-block-79292048663 wpb_content_element wpb_animate_when_almost_visible wpb_left-to-right\" data-style=\"background-image: url(https:\/\/www.easybuilding.net\/wp-content\/uploads\/2024\/12\/istaknuti-radovi-pozadina-02.jpg);background-repeat: no-repeat;width: 100%; height: 200px;\"><div class=\"mgt-promo-block-content va-top\"><div class=\"mgt-promo-block-content-inside vc_custom_1739148998994\">\n<h3>Do you need an offer?<\/h3>\nEvery building we have realized is unique, built according to the project of the investor, according to his wishes and needs. That&#8217;s why we create an offer and price when you tell us what kind of house you want.<div class=\"mgt-button-wrapper mgt-button-wrapper-align-left mgt-button-wrapper-display-newline mgt-button-top-margin-enable\"><a class=\"btn hvr-icon-wobble-horizontal mgt-button mgt-style-solid-invert mgt-size-normal mgt-align-left mgt-display-newline mgt-text-size-small mgt-button-icon-position-right mgt-text-transform-uppercase \" href=\"https:\/\/www.easybuilding.net\/en\/contact\/\">Send inquiry<i class=\"fa fa-arrow-right\"><\/i><\/a><\/div><\/div><\/div><\/div>[\/vc_column][\/vc_row][vc_row][vc_column][vc_empty_space][\/vc_column][\/vc_row]<\/p>\n<\/div>","protected":false},"excerpt":{"rendered":"<p>[vc_row][vc_column][vc_column_text css=&#8221;&#8221;] Easy Building\u00a0builds smart, comfortable, modern, technically sophisticated, durable, fire and earthquake safe, environmentally responsible wooden prefabricated houses that use energy sparingly in accordance with the latest European and&#8230;<\/p>\n","protected":false},"author":1,"featured_media":0,"parent":0,"menu_order":0,"comment_status":"closed","ping_status":"closed","template":"","meta":{"footnotes":""},"class_list":["post-5497","page","type-page","status-publish","hentry"],"yoast_head":"<!-- This site is optimized with the Yoast SEO Premium plugin v24.8 (Yoast SEO v24.8) - https:\/\/yoast.com\/wordpress\/plugins\/seo\/ -->\n<title>Why Easy Building? - Monta\u017ene i mobilne ku\u0107e Easy Building<\/title>\n<meta name=\"robots\" content=\"index, follow, max-snippet:-1, max-image-preview:large, max-video-preview:-1\" \/>\n<link rel=\"canonical\" href=\"https:\/\/www.easybuilding.net\/en\/why-easy-building\/\" \/>\n<meta property=\"og:locale\" content=\"en_US\" \/>\n<meta property=\"og:type\" content=\"article\" \/>\n<meta property=\"og:title\" content=\"Why Easy Building?\" \/>\n<meta property=\"og:description\" content=\"[vc_row][vc_column][vc_column_text css=&#8221;&#8221;] Easy Building\u00a0builds smart, comfortable, modern, technically sophisticated, durable, fire and earthquake safe, environmentally responsible wooden prefabricated houses that use energy sparingly in accordance with the latest European and...\" \/>\n<meta property=\"og:url\" content=\"https:\/\/www.easybuilding.net\/en\/why-easy-building\/\" \/>\n<meta property=\"og:site_name\" content=\"Monta\u017ene i mobilne ku\u0107e Easy Building\" \/>\n<meta property=\"article:publisher\" content=\"https:\/\/www.facebook.com\/profile.php?id=61555749279990\" \/>\n<meta property=\"article:modified_time\" content=\"2025-02-10T00:57:25+00:00\" \/>\n<meta property=\"og:image\" content=\"https:\/\/www.easybuilding.net\/wp-content\/uploads\/2026\/02\/montazna-kuca-pancevo-02.jpg\" \/>\n\t<meta property=\"og:image:width\" content=\"1200\" \/>\n\t<meta property=\"og:image:height\" content=\"675\" \/>\n\t<meta property=\"og:image:type\" content=\"image\/jpeg\" \/>\n<meta name=\"twitter:card\" content=\"summary_large_image\" \/>\n<meta name=\"twitter:label1\" content=\"Est. reading time\" \/>\n\t<meta name=\"twitter:data1\" content=\"5 minutes\" \/>\n<script type=\"application\/ld+json\" class=\"yoast-schema-graph\">{\"@context\":\"https:\/\/schema.org\",\"@graph\":[{\"@type\":\"WebPage\",\"@id\":\"https:\/\/www.easybuilding.net\/en\/why-easy-building\/\",\"url\":\"https:\/\/www.easybuilding.net\/en\/why-easy-building\/\",\"name\":\"Why Easy Building? - Monta\u017ene i mobilne ku\u0107e Easy Building\",\"isPartOf\":{\"@id\":\"https:\/\/www.easybuilding.net\/en\/#website\"},\"datePublished\":\"2024-12-08T17:47:54+00:00\",\"dateModified\":\"2025-02-10T00:57:25+00:00\",\"breadcrumb\":{\"@id\":\"https:\/\/www.easybuilding.net\/en\/why-easy-building\/#breadcrumb\"},\"inLanguage\":\"en-US\",\"potentialAction\":[{\"@type\":\"ReadAction\",\"target\":[\"https:\/\/www.easybuilding.net\/en\/why-easy-building\/\"]}]},{\"@type\":\"BreadcrumbList\",\"@id\":\"https:\/\/www.easybuilding.net\/en\/why-easy-building\/#breadcrumb\",\"itemListElement\":[{\"@type\":\"ListItem\",\"position\":1,\"name\":\"Po\u010detna\",\"item\":\"https:\/\/www.easybuilding.net\/en\/\"},{\"@type\":\"ListItem\",\"position\":2,\"name\":\"Why Easy Building?\"}]},{\"@type\":\"WebSite\",\"@id\":\"https:\/\/www.easybuilding.net\/en\/#website\",\"url\":\"https:\/\/www.easybuilding.net\/en\/\",\"name\":\"Monta\u017ene i mobilne ku\u0107e Easy Building\",\"description\":\"\",\"publisher\":{\"@id\":\"https:\/\/www.easybuilding.net\/en\/#organization\"},\"potentialAction\":[{\"@type\":\"SearchAction\",\"target\":{\"@type\":\"EntryPoint\",\"urlTemplate\":\"https:\/\/www.easybuilding.net\/en\/?s={search_term_string}\"},\"query-input\":{\"@type\":\"PropertyValueSpecification\",\"valueRequired\":true,\"valueName\":\"search_term_string\"}}],\"inLanguage\":\"en-US\"},{\"@type\":\"Organization\",\"@id\":\"https:\/\/www.easybuilding.net\/en\/#organization\",\"name\":\"Monta\u017ene i mobilne ku\u0107e Easy Building doo Pan\u010devo\",\"url\":\"https:\/\/www.easybuilding.net\/en\/\",\"logo\":{\"@type\":\"ImageObject\",\"inLanguage\":\"en-US\",\"@id\":\"https:\/\/www.easybuilding.net\/en\/#\/schema\/logo\/image\/\",\"url\":\"https:\/\/www.easybuilding.net\/wp-content\/uploads\/2024\/12\/Easy-Building-logo.png\",\"contentUrl\":\"https:\/\/www.easybuilding.net\/wp-content\/uploads\/2024\/12\/Easy-Building-logo.png\",\"width\":1600,\"height\":1026,\"caption\":\"Monta\u017ene i mobilne ku\u0107e Easy Building doo Pan\u010devo\"},\"image\":{\"@id\":\"https:\/\/www.easybuilding.net\/en\/#\/schema\/logo\/image\/\"},\"sameAs\":[\"https:\/\/www.facebook.com\/profile.php?id=61555749279990\",\"https:\/\/www.tiktok.com\/@easybuilding\",\"https:\/\/www.instagram.com\/easybuildingdoo\/\"]}]}<\/script>\n<!-- \/ Yoast SEO Premium plugin. -->","yoast_head_json":{"title":"Why Easy Building? - Monta\u017ene i mobilne ku\u0107e Easy Building","robots":{"index":"index","follow":"follow","max-snippet":"max-snippet:-1","max-image-preview":"max-image-preview:large","max-video-preview":"max-video-preview:-1"},"canonical":"https:\/\/www.easybuilding.net\/en\/why-easy-building\/","og_locale":"en_US","og_type":"article","og_title":"Why Easy Building?","og_description":"[vc_row][vc_column][vc_column_text css=&#8221;&#8221;] Easy Building\u00a0builds smart, comfortable, modern, technically sophisticated, durable, fire and earthquake safe, environmentally responsible wooden prefabricated houses that use energy sparingly in accordance with the latest European and...","og_url":"https:\/\/www.easybuilding.net\/en\/why-easy-building\/","og_site_name":"Monta\u017ene i mobilne ku\u0107e Easy Building","article_publisher":"https:\/\/www.facebook.com\/profile.php?id=61555749279990","article_modified_time":"2025-02-10T00:57:25+00:00","og_image":[{"width":1200,"height":675,"url":"https:\/\/www.easybuilding.net\/wp-content\/uploads\/2026\/02\/montazna-kuca-pancevo-02.jpg","type":"image\/jpeg"}],"twitter_card":"summary_large_image","twitter_misc":{"Est. reading time":"5 minutes"},"schema":{"@context":"https:\/\/schema.org","@graph":[{"@type":"WebPage","@id":"https:\/\/www.easybuilding.net\/en\/why-easy-building\/","url":"https:\/\/www.easybuilding.net\/en\/why-easy-building\/","name":"Why Easy Building? - Monta\u017ene i mobilne ku\u0107e Easy Building","isPartOf":{"@id":"https:\/\/www.easybuilding.net\/en\/#website"},"datePublished":"2024-12-08T17:47:54+00:00","dateModified":"2025-02-10T00:57:25+00:00","breadcrumb":{"@id":"https:\/\/www.easybuilding.net\/en\/why-easy-building\/#breadcrumb"},"inLanguage":"en-US","potentialAction":[{"@type":"ReadAction","target":["https:\/\/www.easybuilding.net\/en\/why-easy-building\/"]}]},{"@type":"BreadcrumbList","@id":"https:\/\/www.easybuilding.net\/en\/why-easy-building\/#breadcrumb","itemListElement":[{"@type":"ListItem","position":1,"name":"Po\u010detna","item":"https:\/\/www.easybuilding.net\/en\/"},{"@type":"ListItem","position":2,"name":"Why Easy Building?"}]},{"@type":"WebSite","@id":"https:\/\/www.easybuilding.net\/en\/#website","url":"https:\/\/www.easybuilding.net\/en\/","name":"Monta\u017ene i mobilne ku\u0107e Easy Building","description":"","publisher":{"@id":"https:\/\/www.easybuilding.net\/en\/#organization"},"potentialAction":[{"@type":"SearchAction","target":{"@type":"EntryPoint","urlTemplate":"https:\/\/www.easybuilding.net\/en\/?s={search_term_string}"},"query-input":{"@type":"PropertyValueSpecification","valueRequired":true,"valueName":"search_term_string"}}],"inLanguage":"en-US"},{"@type":"Organization","@id":"https:\/\/www.easybuilding.net\/en\/#organization","name":"Monta\u017ene i mobilne ku\u0107e Easy Building doo Pan\u010devo","url":"https:\/\/www.easybuilding.net\/en\/","logo":{"@type":"ImageObject","inLanguage":"en-US","@id":"https:\/\/www.easybuilding.net\/en\/#\/schema\/logo\/image\/","url":"https:\/\/www.easybuilding.net\/wp-content\/uploads\/2024\/12\/Easy-Building-logo.png","contentUrl":"https:\/\/www.easybuilding.net\/wp-content\/uploads\/2024\/12\/Easy-Building-logo.png","width":1600,"height":1026,"caption":"Monta\u017ene i mobilne ku\u0107e Easy Building doo Pan\u010devo"},"image":{"@id":"https:\/\/www.easybuilding.net\/en\/#\/schema\/logo\/image\/"},"sameAs":["https:\/\/www.facebook.com\/profile.php?id=61555749279990","https:\/\/www.tiktok.com\/@easybuilding","https:\/\/www.instagram.com\/easybuildingdoo\/"]}]}},"_links":{"self":[{"href":"https:\/\/www.easybuilding.net\/en\/wp-json\/wp\/v2\/pages\/5497","targetHints":{"allow":["GET"]}}],"collection":[{"href":"https:\/\/www.easybuilding.net\/en\/wp-json\/wp\/v2\/pages"}],"about":[{"href":"https:\/\/www.easybuilding.net\/en\/wp-json\/wp\/v2\/types\/page"}],"author":[{"embeddable":true,"href":"https:\/\/www.easybuilding.net\/en\/wp-json\/wp\/v2\/users\/1"}],"replies":[{"embeddable":true,"href":"https:\/\/www.easybuilding.net\/en\/wp-json\/wp\/v2\/comments?post=5497"}],"version-history":[{"count":9,"href":"https:\/\/www.easybuilding.net\/en\/wp-json\/wp\/v2\/pages\/5497\/revisions"}],"predecessor-version":[{"id":6008,"href":"https:\/\/www.easybuilding.net\/en\/wp-json\/wp\/v2\/pages\/5497\/revisions\/6008"}],"wp:attachment":[{"href":"https:\/\/www.easybuilding.net\/en\/wp-json\/wp\/v2\/media?parent=5497"}],"curies":[{"name":"wp","href":"https:\/\/api.w.org\/{rel}","templated":true}]}}