{"id":6029,"date":"2016-04-14T09:41:12","date_gmt":"2016-04-14T08:41:12","guid":{"rendered":"https:\/\/www.easybuilding.net\/annemasse-1\/"},"modified":"2025-02-11T18:06:42","modified_gmt":"2025-02-11T17:06:42","slug":"annemasse-1","status":"publish","type":"page","link":"https:\/\/www.easybuilding.net\/en\/completed-prefabricated-buildings\/annemasse-1\/","title":{"rendered":"Prefab house ANNEMASSE 1"},"content":{"rendered":"<div class=\"wpb-content-wrapper\"><p>[vc_row][vc_column][vc_media_grid style=&#8221;lazy&#8221; item=&#8221;masonryMedia_Default&#8221; css=&#8221;&#8221; grid_id=&#8221;vc_gid:1738656729909-80626805-5918-10&#8243; include=&#8221;3681,3682,3683,4431&#8243;][\/vc_column][\/vc_row]<\/p>\n<\/div>","protected":false},"excerpt":{"rendered":"<p>[vc_row][vc_column][vc_media_grid style=&#8221;lazy&#8221; item=&#8221;masonryMedia_Default&#8221; css=&#8221;&#8221; grid_id=&#8221;vc_gid:1738656729909-80626805-5918-10&#8243; include=&#8221;3681,3682,3683,4431&#8243;][\/vc_column][\/vc_row]<\/p>\n","protected":false},"author":1,"featured_media":5168,"parent":6032,"menu_order":0,"comment_status":"closed","ping_status":"closed","template":"","meta":{"footnotes":""},"class_list":["post-6029","page","type-page","status-publish","has-post-thumbnail","hentry"],"yoast_head":"<!-- This site is optimized with the Yoast SEO Premium plugin v24.8 (Yoast SEO v24.8) - https:\/\/yoast.com\/wordpress\/plugins\/seo\/ -->\n<title>Prefab house ANNEMASSE 1 - Monta\u017ene i mobilne ku\u0107e Easy Building<\/title>\n<meta name=\"robots\" content=\"index, follow, max-snippet:-1, max-image-preview:large, max-video-preview:-1\" \/>\n<link rel=\"canonical\" href=\"https:\/\/www.easybuilding.net\/en\/completed-prefabricated-buildings\/annemasse-1\/\" \/>\n<meta property=\"og:locale\" content=\"en_US\" \/>\n<meta property=\"og:type\" content=\"article\" \/>\n<meta property=\"og:title\" content=\"Prefab house ANNEMASSE 1\" \/>\n<meta property=\"og:description\" content=\"[vc_row][vc_column][vc_media_grid style=&#8221;lazy&#8221; item=&#8221;masonryMedia_Default&#8221; css=&#8221;&#8221; grid_id=&#8221;vc_gid:1738656729909-80626805-5918-10&#8243; include=&#8221;3681,3682,3683,4431&#8243;][\/vc_column][\/vc_row]\" \/>\n<meta property=\"og:url\" content=\"https:\/\/www.easybuilding.net\/en\/completed-prefabricated-buildings\/annemasse-1\/\" \/>\n<meta property=\"og:site_name\" content=\"Monta\u017ene i mobilne ku\u0107e Easy Building\" \/>\n<meta property=\"article:publisher\" content=\"https:\/\/www.facebook.com\/profile.php?id=61555749279990\" \/>\n<meta property=\"article:modified_time\" content=\"2025-02-11T17:06:42+00:00\" \/>\n<meta property=\"og:image\" content=\"https:\/\/www.easybuilding.net\/wp-content\/uploads\/2024\/12\/Annemasse-1-03.jpg\" \/>\n\t<meta property=\"og:image:width\" content=\"2000\" \/>\n\t<meta property=\"og:image:height\" content=\"1483\" \/>\n\t<meta property=\"og:image:type\" content=\"image\/jpeg\" \/>\n<meta name=\"twitter:card\" content=\"summary_large_image\" \/>\n<meta name=\"twitter:label1\" content=\"Est. reading time\" \/>\n\t<meta name=\"twitter:data1\" content=\"1 minute\" \/>\n<script type=\"application\/ld+json\" class=\"yoast-schema-graph\">{\"@context\":\"https:\/\/schema.org\",\"@graph\":[{\"@type\":\"WebPage\",\"@id\":\"https:\/\/www.easybuilding.net\/en\/completed-prefabricated-buildings\/annemasse-1\/\",\"url\":\"https:\/\/www.easybuilding.net\/en\/completed-prefabricated-buildings\/annemasse-1\/\",\"name\":\"Prefab house ANNEMASSE 1 - Monta\u017ene i mobilne ku\u0107e Easy Building\",\"isPartOf\":{\"@id\":\"https:\/\/www.easybuilding.net\/en\/#website\"},\"primaryImageOfPage\":{\"@id\":\"https:\/\/www.easybuilding.net\/en\/completed-prefabricated-buildings\/annemasse-1\/#primaryimage\"},\"image\":{\"@id\":\"https:\/\/www.easybuilding.net\/en\/completed-prefabricated-buildings\/annemasse-1\/#primaryimage\"},\"thumbnailUrl\":\"https:\/\/www.easybuilding.net\/wp-content\/uploads\/2024\/12\/Annemasse-1-03.jpg\",\"datePublished\":\"2016-04-14T08:41:12+00:00\",\"dateModified\":\"2025-02-11T17:06:42+00:00\",\"breadcrumb\":{\"@id\":\"https:\/\/www.easybuilding.net\/en\/completed-prefabricated-buildings\/annemasse-1\/#breadcrumb\"},\"inLanguage\":\"en-US\",\"potentialAction\":[{\"@type\":\"ReadAction\",\"target\":[\"https:\/\/www.easybuilding.net\/en\/completed-prefabricated-buildings\/annemasse-1\/\"]}]},{\"@type\":\"ImageObject\",\"inLanguage\":\"en-US\",\"@id\":\"https:\/\/www.easybuilding.net\/en\/completed-prefabricated-buildings\/annemasse-1\/#primaryimage\",\"url\":\"https:\/\/www.easybuilding.net\/wp-content\/uploads\/2024\/12\/Annemasse-1-03.jpg\",\"contentUrl\":\"https:\/\/www.easybuilding.net\/wp-content\/uploads\/2024\/12\/Annemasse-1-03.jpg\",\"width\":2000,\"height\":1483},{\"@type\":\"BreadcrumbList\",\"@id\":\"https:\/\/www.easybuilding.net\/en\/completed-prefabricated-buildings\/annemasse-1\/#breadcrumb\",\"itemListElement\":[{\"@type\":\"ListItem\",\"position\":1,\"name\":\"Po\u010detna\",\"item\":\"https:\/\/www.easybuilding.net\/en\/\"},{\"@type\":\"ListItem\",\"position\":2,\"name\":\"Completed prefabricated buildings\",\"item\":\"https:\/\/www.easybuilding.net\/en\/completed-prefabricated-buildings\/\"},{\"@type\":\"ListItem\",\"position\":3,\"name\":\"Prefab house ANNEMASSE 1\"}]},{\"@type\":\"WebSite\",\"@id\":\"https:\/\/www.easybuilding.net\/en\/#website\",\"url\":\"https:\/\/www.easybuilding.net\/en\/\",\"name\":\"Monta\u017ene i mobilne ku\u0107e Easy Building\",\"description\":\"\",\"publisher\":{\"@id\":\"https:\/\/www.easybuilding.net\/en\/#organization\"},\"potentialAction\":[{\"@type\":\"SearchAction\",\"target\":{\"@type\":\"EntryPoint\",\"urlTemplate\":\"https:\/\/www.easybuilding.net\/en\/?s={search_term_string}\"},\"query-input\":{\"@type\":\"PropertyValueSpecification\",\"valueRequired\":true,\"valueName\":\"search_term_string\"}}],\"inLanguage\":\"en-US\"},{\"@type\":\"Organization\",\"@id\":\"https:\/\/www.easybuilding.net\/en\/#organization\",\"name\":\"Monta\u017ene i mobilne ku\u0107e Easy Building doo Pan\u010devo\",\"url\":\"https:\/\/www.easybuilding.net\/en\/\",\"logo\":{\"@type\":\"ImageObject\",\"inLanguage\":\"en-US\",\"@id\":\"https:\/\/www.easybuilding.net\/en\/#\/schema\/logo\/image\/\",\"url\":\"https:\/\/www.easybuilding.net\/wp-content\/uploads\/2024\/12\/Easy-Building-logo.png\",\"contentUrl\":\"https:\/\/www.easybuilding.net\/wp-content\/uploads\/2024\/12\/Easy-Building-logo.png\",\"width\":1600,\"height\":1026,\"caption\":\"Monta\u017ene i mobilne ku\u0107e Easy Building doo Pan\u010devo\"},\"image\":{\"@id\":\"https:\/\/www.easybuilding.net\/en\/#\/schema\/logo\/image\/\"},\"sameAs\":[\"https:\/\/www.facebook.com\/profile.php?id=61555749279990\",\"https:\/\/www.tiktok.com\/@easybuilding\",\"https:\/\/www.instagram.com\/easybuildingdoo\/\"]}]}<\/script>\n<!-- \/ Yoast SEO Premium plugin. -->","yoast_head_json":{"title":"Prefab house ANNEMASSE 1 - Monta\u017ene i mobilne ku\u0107e Easy Building","robots":{"index":"index","follow":"follow","max-snippet":"max-snippet:-1","max-image-preview":"max-image-preview:large","max-video-preview":"max-video-preview:-1"},"canonical":"https:\/\/www.easybuilding.net\/en\/completed-prefabricated-buildings\/annemasse-1\/","og_locale":"en_US","og_type":"article","og_title":"Prefab house ANNEMASSE 1","og_description":"[vc_row][vc_column][vc_media_grid style=&#8221;lazy&#8221; item=&#8221;masonryMedia_Default&#8221; css=&#8221;&#8221; grid_id=&#8221;vc_gid:1738656729909-80626805-5918-10&#8243; include=&#8221;3681,3682,3683,4431&#8243;][\/vc_column][\/vc_row]","og_url":"https:\/\/www.easybuilding.net\/en\/completed-prefabricated-buildings\/annemasse-1\/","og_site_name":"Monta\u017ene i mobilne ku\u0107e Easy Building","article_publisher":"https:\/\/www.facebook.com\/profile.php?id=61555749279990","article_modified_time":"2025-02-11T17:06:42+00:00","og_image":[{"width":2000,"height":1483,"url":"https:\/\/www.easybuilding.net\/wp-content\/uploads\/2024\/12\/Annemasse-1-03.jpg","type":"image\/jpeg"}],"twitter_card":"summary_large_image","twitter_misc":{"Est. reading time":"1 minute"},"schema":{"@context":"https:\/\/schema.org","@graph":[{"@type":"WebPage","@id":"https:\/\/www.easybuilding.net\/en\/completed-prefabricated-buildings\/annemasse-1\/","url":"https:\/\/www.easybuilding.net\/en\/completed-prefabricated-buildings\/annemasse-1\/","name":"Prefab house ANNEMASSE 1 - Monta\u017ene i mobilne ku\u0107e Easy Building","isPartOf":{"@id":"https:\/\/www.easybuilding.net\/en\/#website"},"primaryImageOfPage":{"@id":"https:\/\/www.easybuilding.net\/en\/completed-prefabricated-buildings\/annemasse-1\/#primaryimage"},"image":{"@id":"https:\/\/www.easybuilding.net\/en\/completed-prefabricated-buildings\/annemasse-1\/#primaryimage"},"thumbnailUrl":"https:\/\/www.easybuilding.net\/wp-content\/uploads\/2024\/12\/Annemasse-1-03.jpg","datePublished":"2016-04-14T08:41:12+00:00","dateModified":"2025-02-11T17:06:42+00:00","breadcrumb":{"@id":"https:\/\/www.easybuilding.net\/en\/completed-prefabricated-buildings\/annemasse-1\/#breadcrumb"},"inLanguage":"en-US","potentialAction":[{"@type":"ReadAction","target":["https:\/\/www.easybuilding.net\/en\/completed-prefabricated-buildings\/annemasse-1\/"]}]},{"@type":"ImageObject","inLanguage":"en-US","@id":"https:\/\/www.easybuilding.net\/en\/completed-prefabricated-buildings\/annemasse-1\/#primaryimage","url":"https:\/\/www.easybuilding.net\/wp-content\/uploads\/2024\/12\/Annemasse-1-03.jpg","contentUrl":"https:\/\/www.easybuilding.net\/wp-content\/uploads\/2024\/12\/Annemasse-1-03.jpg","width":2000,"height":1483},{"@type":"BreadcrumbList","@id":"https:\/\/www.easybuilding.net\/en\/completed-prefabricated-buildings\/annemasse-1\/#breadcrumb","itemListElement":[{"@type":"ListItem","position":1,"name":"Po\u010detna","item":"https:\/\/www.easybuilding.net\/en\/"},{"@type":"ListItem","position":2,"name":"Completed prefabricated buildings","item":"https:\/\/www.easybuilding.net\/en\/completed-prefabricated-buildings\/"},{"@type":"ListItem","position":3,"name":"Prefab house ANNEMASSE 1"}]},{"@type":"WebSite","@id":"https:\/\/www.easybuilding.net\/en\/#website","url":"https:\/\/www.easybuilding.net\/en\/","name":"Monta\u017ene i mobilne ku\u0107e Easy Building","description":"","publisher":{"@id":"https:\/\/www.easybuilding.net\/en\/#organization"},"potentialAction":[{"@type":"SearchAction","target":{"@type":"EntryPoint","urlTemplate":"https:\/\/www.easybuilding.net\/en\/?s={search_term_string}"},"query-input":{"@type":"PropertyValueSpecification","valueRequired":true,"valueName":"search_term_string"}}],"inLanguage":"en-US"},{"@type":"Organization","@id":"https:\/\/www.easybuilding.net\/en\/#organization","name":"Monta\u017ene i mobilne ku\u0107e Easy Building doo Pan\u010devo","url":"https:\/\/www.easybuilding.net\/en\/","logo":{"@type":"ImageObject","inLanguage":"en-US","@id":"https:\/\/www.easybuilding.net\/en\/#\/schema\/logo\/image\/","url":"https:\/\/www.easybuilding.net\/wp-content\/uploads\/2024\/12\/Easy-Building-logo.png","contentUrl":"https:\/\/www.easybuilding.net\/wp-content\/uploads\/2024\/12\/Easy-Building-logo.png","width":1600,"height":1026,"caption":"Monta\u017ene i mobilne ku\u0107e Easy Building doo Pan\u010devo"},"image":{"@id":"https:\/\/www.easybuilding.net\/en\/#\/schema\/logo\/image\/"},"sameAs":["https:\/\/www.facebook.com\/profile.php?id=61555749279990","https:\/\/www.tiktok.com\/@easybuilding","https:\/\/www.instagram.com\/easybuildingdoo\/"]}]}},"_links":{"self":[{"href":"https:\/\/www.easybuilding.net\/en\/wp-json\/wp\/v2\/pages\/6029","targetHints":{"allow":["GET"]}}],"collection":[{"href":"https:\/\/www.easybuilding.net\/en\/wp-json\/wp\/v2\/pages"}],"about":[{"href":"https:\/\/www.easybuilding.net\/en\/wp-json\/wp\/v2\/types\/page"}],"author":[{"embeddable":true,"href":"https:\/\/www.easybuilding.net\/en\/wp-json\/wp\/v2\/users\/1"}],"replies":[{"embeddable":true,"href":"https:\/\/www.easybuilding.net\/en\/wp-json\/wp\/v2\/comments?post=6029"}],"version-history":[{"count":1,"href":"https:\/\/www.easybuilding.net\/en\/wp-json\/wp\/v2\/pages\/6029\/revisions"}],"predecessor-version":[{"id":6030,"href":"https:\/\/www.easybuilding.net\/en\/wp-json\/wp\/v2\/pages\/6029\/revisions\/6030"}],"up":[{"embeddable":true,"href":"https:\/\/www.easybuilding.net\/en\/wp-json\/wp\/v2\/pages\/6032"}],"wp:featuredmedia":[{"embeddable":true,"href":"https:\/\/www.easybuilding.net\/en\/wp-json\/wp\/v2\/media\/5168"}],"wp:attachment":[{"href":"https:\/\/www.easybuilding.net\/en\/wp-json\/wp\/v2\/media?parent=6029"}],"curies":[{"name":"wp","href":"https:\/\/api.w.org\/{rel}","templated":true}]}}