{"id":6990,"date":"2026-02-19T22:10:56","date_gmt":"2026-02-19T20:10:56","guid":{"rendered":"https:\/\/www.easybuilding.net\/?page_id=6990"},"modified":"2026-02-20T13:19:46","modified_gmt":"2026-02-20T11:19:46","slug":"blog","status":"publish","type":"page","link":"https:\/\/www.easybuilding.net\/en\/blog\/","title":{"rendered":"Blog"},"content":{"rendered":"<div class=\"wpb-content-wrapper\"><p>[vc_row][vc_column][vc_basic_grid post_type=&#8221;post&#8221; max_items=&#8221;10&#8243; item=&#8221;7002&#8243; css=&#8221;&#8221; grid_id=&#8221;vc_gid:1771585983538-90861ca6-7cb6-6&#8243; taxonomies=&#8221;17&#8243;][\/vc_column][\/vc_row]<\/p>\n<\/div>","protected":false},"excerpt":{"rendered":"<p>[vc_row][vc_column][vc_basic_grid post_type=&#8221;post&#8221; max_items=&#8221;10&#8243; item=&#8221;7002&#8243; css=&#8221;&#8221; grid_id=&#8221;vc_gid:1771585983538-90861ca6-7cb6-6&#8243; taxonomies=&#8221;17&#8243;][\/vc_column][\/vc_row]<\/p>\n","protected":false},"author":1,"featured_media":6104,"parent":0,"menu_order":0,"comment_status":"closed","ping_status":"closed","template":"","meta":{"rs_blank_template":"","rs_page_bg_color":"","slide_template_v7":"","footnotes":""},"class_list":["post-6990","page","type-page","status-publish","has-post-thumbnail","hentry"],"yoast_head":"<!-- This site is optimized with the Yoast SEO Premium plugin v24.8 (Yoast SEO v24.8) - https:\/\/yoast.com\/wordpress\/plugins\/seo\/ -->\n<title>Blog - Monta\u017ene i mobilne ku\u0107e Easy Building<\/title>\n<meta name=\"robots\" content=\"index, follow, max-snippet:-1, max-image-preview:large, max-video-preview:-1\" \/>\n<link rel=\"canonical\" href=\"https:\/\/www.easybuilding.net\/en\/blog\/\" \/>\n<meta property=\"og:locale\" content=\"en_US\" \/>\n<meta property=\"og:type\" content=\"article\" \/>\n<meta property=\"og:title\" content=\"Blog\" \/>\n<meta property=\"og:description\" content=\"[vc_row][vc_column][vc_basic_grid post_type=&#8221;post&#8221; max_items=&#8221;10&#8243; item=&#8221;7002&#8243; css=&#8221;&#8221; grid_id=&#8221;vc_gid:1771585983538-90861ca6-7cb6-6&#8243; taxonomies=&#8221;17&#8243;][\/vc_column][\/vc_row]\" \/>\n<meta property=\"og:url\" content=\"https:\/\/www.easybuilding.net\/en\/blog\/\" \/>\n<meta property=\"og:site_name\" content=\"Monta\u017ene i mobilne ku\u0107e Easy Building\" \/>\n<meta property=\"article:publisher\" content=\"https:\/\/www.facebook.com\/profile.php?id=61555749279990\" \/>\n<meta property=\"article:modified_time\" content=\"2026-02-20T11:19:46+00:00\" \/>\n<meta property=\"og:image\" content=\"https:\/\/www.easybuilding.net\/wp-content\/uploads\/2025\/02\/Videm-2-Slovenija-07.jpg\" \/>\n\t<meta property=\"og:image:width\" content=\"1465\" \/>\n\t<meta property=\"og:image:height\" content=\"824\" \/>\n\t<meta property=\"og:image:type\" content=\"image\/jpeg\" \/>\n<meta name=\"twitter:card\" content=\"summary_large_image\" \/>\n<meta name=\"twitter:label1\" content=\"Est. reading time\" \/>\n\t<meta name=\"twitter:data1\" content=\"1 minute\" \/>\n<script type=\"application\/ld+json\" class=\"yoast-schema-graph\">{\"@context\":\"https:\/\/schema.org\",\"@graph\":[{\"@type\":\"WebPage\",\"@id\":\"https:\/\/www.easybuilding.net\/en\/blog\/\",\"url\":\"https:\/\/www.easybuilding.net\/en\/blog\/\",\"name\":\"Blog - Monta\u017ene i mobilne ku\u0107e Easy Building\",\"isPartOf\":{\"@id\":\"https:\/\/www.easybuilding.net\/en\/#website\"},\"primaryImageOfPage\":{\"@id\":\"https:\/\/www.easybuilding.net\/en\/blog\/#primaryimage\"},\"image\":{\"@id\":\"https:\/\/www.easybuilding.net\/en\/blog\/#primaryimage\"},\"thumbnailUrl\":\"https:\/\/www.easybuilding.net\/wp-content\/uploads\/2025\/02\/Videm-2-Slovenija-07.jpg\",\"datePublished\":\"2026-02-19T20:10:56+00:00\",\"dateModified\":\"2026-02-20T11:19:46+00:00\",\"breadcrumb\":{\"@id\":\"https:\/\/www.easybuilding.net\/en\/blog\/#breadcrumb\"},\"inLanguage\":\"en-US\",\"potentialAction\":[{\"@type\":\"ReadAction\",\"target\":[\"https:\/\/www.easybuilding.net\/en\/blog\/\"]}]},{\"@type\":\"ImageObject\",\"inLanguage\":\"en-US\",\"@id\":\"https:\/\/www.easybuilding.net\/en\/blog\/#primaryimage\",\"url\":\"https:\/\/www.easybuilding.net\/wp-content\/uploads\/2025\/02\/Videm-2-Slovenija-07.jpg\",\"contentUrl\":\"https:\/\/www.easybuilding.net\/wp-content\/uploads\/2025\/02\/Videm-2-Slovenija-07.jpg\",\"width\":1465,\"height\":824,\"caption\":\"Monta\u017ena ku\u0107a Videm Slovenija ilustracija\"},{\"@type\":\"BreadcrumbList\",\"@id\":\"https:\/\/www.easybuilding.net\/en\/blog\/#breadcrumb\",\"itemListElement\":[{\"@type\":\"ListItem\",\"position\":1,\"name\":\"Po\u010detna\",\"item\":\"https:\/\/www.easybuilding.net\/en\/\"},{\"@type\":\"ListItem\",\"position\":2,\"name\":\"Blog\"}]},{\"@type\":\"WebSite\",\"@id\":\"https:\/\/www.easybuilding.net\/en\/#website\",\"url\":\"https:\/\/www.easybuilding.net\/en\/\",\"name\":\"Monta\u017ene i mobilne ku\u0107e Easy Building\",\"description\":\"\",\"publisher\":{\"@id\":\"https:\/\/www.easybuilding.net\/en\/#organization\"},\"potentialAction\":[{\"@type\":\"SearchAction\",\"target\":{\"@type\":\"EntryPoint\",\"urlTemplate\":\"https:\/\/www.easybuilding.net\/en\/?s={search_term_string}\"},\"query-input\":{\"@type\":\"PropertyValueSpecification\",\"valueRequired\":true,\"valueName\":\"search_term_string\"}}],\"inLanguage\":\"en-US\"},{\"@type\":\"Organization\",\"@id\":\"https:\/\/www.easybuilding.net\/en\/#organization\",\"name\":\"Monta\u017ene i mobilne ku\u0107e Easy Building doo Pan\u010devo\",\"url\":\"https:\/\/www.easybuilding.net\/en\/\",\"logo\":{\"@type\":\"ImageObject\",\"inLanguage\":\"en-US\",\"@id\":\"https:\/\/www.easybuilding.net\/en\/#\/schema\/logo\/image\/\",\"url\":\"https:\/\/www.easybuilding.net\/wp-content\/uploads\/2024\/12\/Easy-Building-logo.png\",\"contentUrl\":\"https:\/\/www.easybuilding.net\/wp-content\/uploads\/2024\/12\/Easy-Building-logo.png\",\"width\":1600,\"height\":1026,\"caption\":\"Monta\u017ene i mobilne ku\u0107e Easy Building doo Pan\u010devo\"},\"image\":{\"@id\":\"https:\/\/www.easybuilding.net\/en\/#\/schema\/logo\/image\/\"},\"sameAs\":[\"https:\/\/www.facebook.com\/profile.php?id=61555749279990\",\"https:\/\/www.tiktok.com\/@easybuilding\",\"https:\/\/www.instagram.com\/easybuildingdoo\/\"]}]}<\/script>\n<!-- \/ Yoast SEO Premium plugin. -->","yoast_head_json":{"title":"Blog - Monta\u017ene i mobilne ku\u0107e Easy Building","robots":{"index":"index","follow":"follow","max-snippet":"max-snippet:-1","max-image-preview":"max-image-preview:large","max-video-preview":"max-video-preview:-1"},"canonical":"https:\/\/www.easybuilding.net\/en\/blog\/","og_locale":"en_US","og_type":"article","og_title":"Blog","og_description":"[vc_row][vc_column][vc_basic_grid post_type=&#8221;post&#8221; max_items=&#8221;10&#8243; item=&#8221;7002&#8243; css=&#8221;&#8221; grid_id=&#8221;vc_gid:1771585983538-90861ca6-7cb6-6&#8243; taxonomies=&#8221;17&#8243;][\/vc_column][\/vc_row]","og_url":"https:\/\/www.easybuilding.net\/en\/blog\/","og_site_name":"Monta\u017ene i mobilne ku\u0107e Easy Building","article_publisher":"https:\/\/www.facebook.com\/profile.php?id=61555749279990","article_modified_time":"2026-02-20T11:19:46+00:00","og_image":[{"width":1465,"height":824,"url":"https:\/\/www.easybuilding.net\/wp-content\/uploads\/2025\/02\/Videm-2-Slovenija-07.jpg","type":"image\/jpeg"}],"twitter_card":"summary_large_image","twitter_misc":{"Est. reading time":"1 minute"},"schema":{"@context":"https:\/\/schema.org","@graph":[{"@type":"WebPage","@id":"https:\/\/www.easybuilding.net\/en\/blog\/","url":"https:\/\/www.easybuilding.net\/en\/blog\/","name":"Blog - Monta\u017ene i mobilne ku\u0107e Easy Building","isPartOf":{"@id":"https:\/\/www.easybuilding.net\/en\/#website"},"primaryImageOfPage":{"@id":"https:\/\/www.easybuilding.net\/en\/blog\/#primaryimage"},"image":{"@id":"https:\/\/www.easybuilding.net\/en\/blog\/#primaryimage"},"thumbnailUrl":"https:\/\/www.easybuilding.net\/wp-content\/uploads\/2025\/02\/Videm-2-Slovenija-07.jpg","datePublished":"2026-02-19T20:10:56+00:00","dateModified":"2026-02-20T11:19:46+00:00","breadcrumb":{"@id":"https:\/\/www.easybuilding.net\/en\/blog\/#breadcrumb"},"inLanguage":"en-US","potentialAction":[{"@type":"ReadAction","target":["https:\/\/www.easybuilding.net\/en\/blog\/"]}]},{"@type":"ImageObject","inLanguage":"en-US","@id":"https:\/\/www.easybuilding.net\/en\/blog\/#primaryimage","url":"https:\/\/www.easybuilding.net\/wp-content\/uploads\/2025\/02\/Videm-2-Slovenija-07.jpg","contentUrl":"https:\/\/www.easybuilding.net\/wp-content\/uploads\/2025\/02\/Videm-2-Slovenija-07.jpg","width":1465,"height":824,"caption":"Monta\u017ena ku\u0107a Videm Slovenija ilustracija"},{"@type":"BreadcrumbList","@id":"https:\/\/www.easybuilding.net\/en\/blog\/#breadcrumb","itemListElement":[{"@type":"ListItem","position":1,"name":"Po\u010detna","item":"https:\/\/www.easybuilding.net\/en\/"},{"@type":"ListItem","position":2,"name":"Blog"}]},{"@type":"WebSite","@id":"https:\/\/www.easybuilding.net\/en\/#website","url":"https:\/\/www.easybuilding.net\/en\/","name":"Monta\u017ene i mobilne ku\u0107e Easy Building","description":"","publisher":{"@id":"https:\/\/www.easybuilding.net\/en\/#organization"},"potentialAction":[{"@type":"SearchAction","target":{"@type":"EntryPoint","urlTemplate":"https:\/\/www.easybuilding.net\/en\/?s={search_term_string}"},"query-input":{"@type":"PropertyValueSpecification","valueRequired":true,"valueName":"search_term_string"}}],"inLanguage":"en-US"},{"@type":"Organization","@id":"https:\/\/www.easybuilding.net\/en\/#organization","name":"Monta\u017ene i mobilne ku\u0107e Easy Building doo Pan\u010devo","url":"https:\/\/www.easybuilding.net\/en\/","logo":{"@type":"ImageObject","inLanguage":"en-US","@id":"https:\/\/www.easybuilding.net\/en\/#\/schema\/logo\/image\/","url":"https:\/\/www.easybuilding.net\/wp-content\/uploads\/2024\/12\/Easy-Building-logo.png","contentUrl":"https:\/\/www.easybuilding.net\/wp-content\/uploads\/2024\/12\/Easy-Building-logo.png","width":1600,"height":1026,"caption":"Monta\u017ene i mobilne ku\u0107e Easy Building doo Pan\u010devo"},"image":{"@id":"https:\/\/www.easybuilding.net\/en\/#\/schema\/logo\/image\/"},"sameAs":["https:\/\/www.facebook.com\/profile.php?id=61555749279990","https:\/\/www.tiktok.com\/@easybuilding","https:\/\/www.instagram.com\/easybuildingdoo\/"]}]}},"_links":{"self":[{"href":"https:\/\/www.easybuilding.net\/en\/wp-json\/wp\/v2\/pages\/6990","targetHints":{"allow":["GET"]}}],"collection":[{"href":"https:\/\/www.easybuilding.net\/en\/wp-json\/wp\/v2\/pages"}],"about":[{"href":"https:\/\/www.easybuilding.net\/en\/wp-json\/wp\/v2\/types\/page"}],"author":[{"embeddable":true,"href":"https:\/\/www.easybuilding.net\/en\/wp-json\/wp\/v2\/users\/1"}],"replies":[{"embeddable":true,"href":"https:\/\/www.easybuilding.net\/en\/wp-json\/wp\/v2\/comments?post=6990"}],"version-history":[{"count":3,"href":"https:\/\/www.easybuilding.net\/en\/wp-json\/wp\/v2\/pages\/6990\/revisions"}],"predecessor-version":[{"id":7014,"href":"https:\/\/www.easybuilding.net\/en\/wp-json\/wp\/v2\/pages\/6990\/revisions\/7014"}],"wp:featuredmedia":[{"embeddable":true,"href":"https:\/\/www.easybuilding.net\/en\/wp-json\/wp\/v2\/media\/6104"}],"wp:attachment":[{"href":"https:\/\/www.easybuilding.net\/en\/wp-json\/wp\/v2\/media?parent=6990"}],"curies":[{"name":"wp","href":"https:\/\/api.w.org\/{rel}","templated":true}]}}