{"id":7035,"date":"2026-02-27T01:50:52","date_gmt":"2026-02-26T23:50:52","guid":{"rendered":"https:\/\/www.easybuilding.net\/completed-prefabricated-buildings\/krovna-konstrukcija-fruska-gora\/"},"modified":"2026-02-27T02:05:03","modified_gmt":"2026-02-27T00:05:03","slug":"roof-structures-fruska-gora","status":"publish","type":"page","link":"https:\/\/www.easybuilding.net\/en\/completed-prefabricated-buildings\/roof-structures-fruska-gora\/","title":{"rendered":"Roof Structures, Fru\u0161ka Gora"},"content":{"rendered":"<div class=\"wpb-content-wrapper\"><p>[vc_row][vc_column][vc_media_grid style=&#8221;lazy&#8221; item=&#8221;masonryMedia_Default&#8221; css=&#8221;&#8221; grid_id=&#8221;vc_gid:1772149436281-c0b774ab-1c41-7&#8243; include=&#8221;7022,7024,7026,7028&#8243;][\/vc_column][\/vc_row]<\/p>\n<\/div>","protected":false},"excerpt":{"rendered":"<p>[vc_row][vc_column][vc_media_grid style=&#8221;lazy&#8221; item=&#8221;masonryMedia_Default&#8221; css=&#8221;&#8221; grid_id=&#8221;vc_gid:1772149436281-c0b774ab-1c41-7&#8243; include=&#8221;7022,7024,7026,7028&#8243;][\/vc_column][\/vc_row]<\/p>\n","protected":false},"author":1,"featured_media":7023,"parent":6032,"menu_order":0,"comment_status":"closed","ping_status":"closed","template":"","meta":{"footnotes":""},"class_list":["post-7035","page","type-page","status-publish","has-post-thumbnail","hentry"],"yoast_head":"<!-- This site is optimized with the Yoast SEO Premium plugin v24.8 (Yoast SEO v24.8) - https:\/\/yoast.com\/wordpress\/plugins\/seo\/ -->\n<title>Roof Structures, Fru\u0161ka Gora - Monta\u017ene i mobilne ku\u0107e Easy Building<\/title>\n<meta name=\"robots\" content=\"index, follow, max-snippet:-1, max-image-preview:large, max-video-preview:-1\" \/>\n<link rel=\"canonical\" href=\"https:\/\/www.easybuilding.net\/en\/completed-prefabricated-buildings\/roof-structures-fruska-gora\/\" \/>\n<meta property=\"og:locale\" content=\"en_US\" \/>\n<meta property=\"og:type\" content=\"article\" \/>\n<meta property=\"og:title\" content=\"Roof Structures, Fru\u0161ka Gora\" \/>\n<meta property=\"og:description\" content=\"[vc_row][vc_column][vc_media_grid style=&#8221;lazy&#8221; item=&#8221;masonryMedia_Default&#8221; css=&#8221;&#8221; grid_id=&#8221;vc_gid:1772149436281-c0b774ab-1c41-7&#8243; include=&#8221;7022,7024,7026,7028&#8243;][\/vc_column][\/vc_row]\" \/>\n<meta property=\"og:url\" content=\"https:\/\/www.easybuilding.net\/en\/completed-prefabricated-buildings\/roof-structures-fruska-gora\/\" \/>\n<meta property=\"og:site_name\" content=\"Monta\u017ene i mobilne ku\u0107e Easy Building\" \/>\n<meta property=\"article:publisher\" content=\"https:\/\/www.facebook.com\/profile.php?id=61555749279990\" \/>\n<meta property=\"article:modified_time\" content=\"2026-02-27T00:05:03+00:00\" \/>\n<meta property=\"og:image\" content=\"https:\/\/www.easybuilding.net\/wp-content\/uploads\/2026\/02\/fruska-gora-krov-01.jpg\" \/>\n\t<meta property=\"og:image:width\" content=\"1366\" \/>\n\t<meta property=\"og:image:height\" content=\"911\" \/>\n\t<meta property=\"og:image:type\" content=\"image\/jpeg\" \/>\n<meta name=\"twitter:card\" content=\"summary_large_image\" \/>\n<meta name=\"twitter:label1\" content=\"Est. reading time\" \/>\n\t<meta name=\"twitter:data1\" content=\"1 minute\" \/>\n<script type=\"application\/ld+json\" class=\"yoast-schema-graph\">{\"@context\":\"https:\/\/schema.org\",\"@graph\":[{\"@type\":\"WebPage\",\"@id\":\"https:\/\/www.easybuilding.net\/en\/completed-prefabricated-buildings\/roof-structures-fruska-gora\/\",\"url\":\"https:\/\/www.easybuilding.net\/en\/completed-prefabricated-buildings\/roof-structures-fruska-gora\/\",\"name\":\"Roof Structures, Fru\u0161ka Gora - Monta\u017ene i mobilne ku\u0107e Easy Building\",\"isPartOf\":{\"@id\":\"https:\/\/www.easybuilding.net\/en\/#website\"},\"primaryImageOfPage\":{\"@id\":\"https:\/\/www.easybuilding.net\/en\/completed-prefabricated-buildings\/roof-structures-fruska-gora\/#primaryimage\"},\"image\":{\"@id\":\"https:\/\/www.easybuilding.net\/en\/completed-prefabricated-buildings\/roof-structures-fruska-gora\/#primaryimage\"},\"thumbnailUrl\":\"https:\/\/www.easybuilding.net\/wp-content\/uploads\/2026\/02\/fruska-gora-krov-01.jpg\",\"datePublished\":\"2026-02-26T23:50:52+00:00\",\"dateModified\":\"2026-02-27T00:05:03+00:00\",\"breadcrumb\":{\"@id\":\"https:\/\/www.easybuilding.net\/en\/completed-prefabricated-buildings\/roof-structures-fruska-gora\/#breadcrumb\"},\"inLanguage\":\"en-US\",\"potentialAction\":[{\"@type\":\"ReadAction\",\"target\":[\"https:\/\/www.easybuilding.net\/en\/completed-prefabricated-buildings\/roof-structures-fruska-gora\/\"]}]},{\"@type\":\"ImageObject\",\"inLanguage\":\"en-US\",\"@id\":\"https:\/\/www.easybuilding.net\/en\/completed-prefabricated-buildings\/roof-structures-fruska-gora\/#primaryimage\",\"url\":\"https:\/\/www.easybuilding.net\/wp-content\/uploads\/2026\/02\/fruska-gora-krov-01.jpg\",\"contentUrl\":\"https:\/\/www.easybuilding.net\/wp-content\/uploads\/2026\/02\/fruska-gora-krov-01.jpg\",\"width\":1366,\"height\":911,\"caption\":\"Fru\u0161ka gora ilustracija krovne konstrukcije\"},{\"@type\":\"BreadcrumbList\",\"@id\":\"https:\/\/www.easybuilding.net\/en\/completed-prefabricated-buildings\/roof-structures-fruska-gora\/#breadcrumb\",\"itemListElement\":[{\"@type\":\"ListItem\",\"position\":1,\"name\":\"Po\u010detna\",\"item\":\"https:\/\/www.easybuilding.net\/en\/\"},{\"@type\":\"ListItem\",\"position\":2,\"name\":\"Completed prefabricated buildings\",\"item\":\"https:\/\/www.easybuilding.net\/en\/completed-prefabricated-buildings\/\"},{\"@type\":\"ListItem\",\"position\":3,\"name\":\"Roof Structures, Fru\u0161ka Gora\"}]},{\"@type\":\"WebSite\",\"@id\":\"https:\/\/www.easybuilding.net\/en\/#website\",\"url\":\"https:\/\/www.easybuilding.net\/en\/\",\"name\":\"Monta\u017ene i mobilne ku\u0107e Easy Building\",\"description\":\"\",\"publisher\":{\"@id\":\"https:\/\/www.easybuilding.net\/en\/#organization\"},\"potentialAction\":[{\"@type\":\"SearchAction\",\"target\":{\"@type\":\"EntryPoint\",\"urlTemplate\":\"https:\/\/www.easybuilding.net\/en\/?s={search_term_string}\"},\"query-input\":{\"@type\":\"PropertyValueSpecification\",\"valueRequired\":true,\"valueName\":\"search_term_string\"}}],\"inLanguage\":\"en-US\"},{\"@type\":\"Organization\",\"@id\":\"https:\/\/www.easybuilding.net\/en\/#organization\",\"name\":\"Monta\u017ene i mobilne ku\u0107e Easy Building doo Pan\u010devo\",\"url\":\"https:\/\/www.easybuilding.net\/en\/\",\"logo\":{\"@type\":\"ImageObject\",\"inLanguage\":\"en-US\",\"@id\":\"https:\/\/www.easybuilding.net\/en\/#\/schema\/logo\/image\/\",\"url\":\"https:\/\/www.easybuilding.net\/wp-content\/uploads\/2024\/12\/Easy-Building-logo.png\",\"contentUrl\":\"https:\/\/www.easybuilding.net\/wp-content\/uploads\/2024\/12\/Easy-Building-logo.png\",\"width\":1600,\"height\":1026,\"caption\":\"Monta\u017ene i mobilne ku\u0107e Easy Building doo Pan\u010devo\"},\"image\":{\"@id\":\"https:\/\/www.easybuilding.net\/en\/#\/schema\/logo\/image\/\"},\"sameAs\":[\"https:\/\/www.facebook.com\/profile.php?id=61555749279990\",\"https:\/\/www.tiktok.com\/@easybuilding\",\"https:\/\/www.instagram.com\/easybuildingdoo\/\"]}]}<\/script>\n<!-- \/ Yoast SEO Premium plugin. -->","yoast_head_json":{"title":"Roof Structures, Fru\u0161ka Gora - Monta\u017ene i mobilne ku\u0107e Easy Building","robots":{"index":"index","follow":"follow","max-snippet":"max-snippet:-1","max-image-preview":"max-image-preview:large","max-video-preview":"max-video-preview:-1"},"canonical":"https:\/\/www.easybuilding.net\/en\/completed-prefabricated-buildings\/roof-structures-fruska-gora\/","og_locale":"en_US","og_type":"article","og_title":"Roof Structures, Fru\u0161ka Gora","og_description":"[vc_row][vc_column][vc_media_grid style=&#8221;lazy&#8221; item=&#8221;masonryMedia_Default&#8221; css=&#8221;&#8221; grid_id=&#8221;vc_gid:1772149436281-c0b774ab-1c41-7&#8243; include=&#8221;7022,7024,7026,7028&#8243;][\/vc_column][\/vc_row]","og_url":"https:\/\/www.easybuilding.net\/en\/completed-prefabricated-buildings\/roof-structures-fruska-gora\/","og_site_name":"Monta\u017ene i mobilne ku\u0107e Easy Building","article_publisher":"https:\/\/www.facebook.com\/profile.php?id=61555749279990","article_modified_time":"2026-02-27T00:05:03+00:00","og_image":[{"width":1366,"height":911,"url":"https:\/\/www.easybuilding.net\/wp-content\/uploads\/2026\/02\/fruska-gora-krov-01.jpg","type":"image\/jpeg"}],"twitter_card":"summary_large_image","twitter_misc":{"Est. reading time":"1 minute"},"schema":{"@context":"https:\/\/schema.org","@graph":[{"@type":"WebPage","@id":"https:\/\/www.easybuilding.net\/en\/completed-prefabricated-buildings\/roof-structures-fruska-gora\/","url":"https:\/\/www.easybuilding.net\/en\/completed-prefabricated-buildings\/roof-structures-fruska-gora\/","name":"Roof Structures, Fru\u0161ka Gora - Monta\u017ene i mobilne ku\u0107e Easy Building","isPartOf":{"@id":"https:\/\/www.easybuilding.net\/en\/#website"},"primaryImageOfPage":{"@id":"https:\/\/www.easybuilding.net\/en\/completed-prefabricated-buildings\/roof-structures-fruska-gora\/#primaryimage"},"image":{"@id":"https:\/\/www.easybuilding.net\/en\/completed-prefabricated-buildings\/roof-structures-fruska-gora\/#primaryimage"},"thumbnailUrl":"https:\/\/www.easybuilding.net\/wp-content\/uploads\/2026\/02\/fruska-gora-krov-01.jpg","datePublished":"2026-02-26T23:50:52+00:00","dateModified":"2026-02-27T00:05:03+00:00","breadcrumb":{"@id":"https:\/\/www.easybuilding.net\/en\/completed-prefabricated-buildings\/roof-structures-fruska-gora\/#breadcrumb"},"inLanguage":"en-US","potentialAction":[{"@type":"ReadAction","target":["https:\/\/www.easybuilding.net\/en\/completed-prefabricated-buildings\/roof-structures-fruska-gora\/"]}]},{"@type":"ImageObject","inLanguage":"en-US","@id":"https:\/\/www.easybuilding.net\/en\/completed-prefabricated-buildings\/roof-structures-fruska-gora\/#primaryimage","url":"https:\/\/www.easybuilding.net\/wp-content\/uploads\/2026\/02\/fruska-gora-krov-01.jpg","contentUrl":"https:\/\/www.easybuilding.net\/wp-content\/uploads\/2026\/02\/fruska-gora-krov-01.jpg","width":1366,"height":911,"caption":"Fru\u0161ka gora ilustracija krovne konstrukcije"},{"@type":"BreadcrumbList","@id":"https:\/\/www.easybuilding.net\/en\/completed-prefabricated-buildings\/roof-structures-fruska-gora\/#breadcrumb","itemListElement":[{"@type":"ListItem","position":1,"name":"Po\u010detna","item":"https:\/\/www.easybuilding.net\/en\/"},{"@type":"ListItem","position":2,"name":"Completed prefabricated buildings","item":"https:\/\/www.easybuilding.net\/en\/completed-prefabricated-buildings\/"},{"@type":"ListItem","position":3,"name":"Roof Structures, Fru\u0161ka Gora"}]},{"@type":"WebSite","@id":"https:\/\/www.easybuilding.net\/en\/#website","url":"https:\/\/www.easybuilding.net\/en\/","name":"Monta\u017ene i mobilne ku\u0107e Easy Building","description":"","publisher":{"@id":"https:\/\/www.easybuilding.net\/en\/#organization"},"potentialAction":[{"@type":"SearchAction","target":{"@type":"EntryPoint","urlTemplate":"https:\/\/www.easybuilding.net\/en\/?s={search_term_string}"},"query-input":{"@type":"PropertyValueSpecification","valueRequired":true,"valueName":"search_term_string"}}],"inLanguage":"en-US"},{"@type":"Organization","@id":"https:\/\/www.easybuilding.net\/en\/#organization","name":"Monta\u017ene i mobilne ku\u0107e Easy Building doo Pan\u010devo","url":"https:\/\/www.easybuilding.net\/en\/","logo":{"@type":"ImageObject","inLanguage":"en-US","@id":"https:\/\/www.easybuilding.net\/en\/#\/schema\/logo\/image\/","url":"https:\/\/www.easybuilding.net\/wp-content\/uploads\/2024\/12\/Easy-Building-logo.png","contentUrl":"https:\/\/www.easybuilding.net\/wp-content\/uploads\/2024\/12\/Easy-Building-logo.png","width":1600,"height":1026,"caption":"Monta\u017ene i mobilne ku\u0107e Easy Building doo Pan\u010devo"},"image":{"@id":"https:\/\/www.easybuilding.net\/en\/#\/schema\/logo\/image\/"},"sameAs":["https:\/\/www.facebook.com\/profile.php?id=61555749279990","https:\/\/www.tiktok.com\/@easybuilding","https:\/\/www.instagram.com\/easybuildingdoo\/"]}]}},"_links":{"self":[{"href":"https:\/\/www.easybuilding.net\/en\/wp-json\/wp\/v2\/pages\/7035","targetHints":{"allow":["GET"]}}],"collection":[{"href":"https:\/\/www.easybuilding.net\/en\/wp-json\/wp\/v2\/pages"}],"about":[{"href":"https:\/\/www.easybuilding.net\/en\/wp-json\/wp\/v2\/types\/page"}],"author":[{"embeddable":true,"href":"https:\/\/www.easybuilding.net\/en\/wp-json\/wp\/v2\/users\/1"}],"replies":[{"embeddable":true,"href":"https:\/\/www.easybuilding.net\/en\/wp-json\/wp\/v2\/comments?post=7035"}],"version-history":[{"count":1,"href":"https:\/\/www.easybuilding.net\/en\/wp-json\/wp\/v2\/pages\/7035\/revisions"}],"predecessor-version":[{"id":7036,"href":"https:\/\/www.easybuilding.net\/en\/wp-json\/wp\/v2\/pages\/7035\/revisions\/7036"}],"up":[{"embeddable":true,"href":"https:\/\/www.easybuilding.net\/en\/wp-json\/wp\/v2\/pages\/6032"}],"wp:featuredmedia":[{"embeddable":true,"href":"https:\/\/www.easybuilding.net\/en\/wp-json\/wp\/v2\/media\/7023"}],"wp:attachment":[{"href":"https:\/\/www.easybuilding.net\/en\/wp-json\/wp\/v2\/media?parent=7035"}],"curies":[{"name":"wp","href":"https:\/\/api.w.org\/{rel}","templated":true}]}}